{"id":36074,"date":"2019-10-24T10:35:58","date_gmt":"2019-10-24T08:35:58","guid":{"rendered":"https:\/\/explore-agadirsoussmassa.com\/mentions-legales\/"},"modified":"2021-02-17T10:18:48","modified_gmt":"2021-02-17T09:18:48","slug":"mentions-legales","status":"publish","type":"page","link":"https:\/\/explore-agadirsoussmassa.com\/ar\/mentions-legales\/","title":{"rendered":"\u0625\u0634\u0639\u0627\u0631 \u0642\u0627\u0646\u0648\u0646\u064a"},"content":{"rendered":"\n<p><strong>Propri\u00e9taire du site:<\/strong><\/p>\n\n\n\n<p>Soci\u00e9t\u00e9 de D\u00e9veloppement Touristique Souss Massa &#8211; SDR S.A, dont le si\u00e8ge social est situ\u00e9 \u00e0 Immeuble Dar Al Mohami II, 2\u00e8me \u00e9tage A208, Haut Founty \u2013 Agadir.<\/p>\n\n\n\n<p>Soci\u00e9t\u00e9 anonyme au capital social de vingt et un millions cinq cent mille dirhams (21.500.000 Dh), immatricul\u00e9e au registre du commerce d\u2019Agadir sous le num\u00e9ro 39225<\/p>\n\n\n\n<p><strong>Conception et r\u00e9alisation du site :<\/strong><br>Agence Web &amp; Contenus&nbsp;: Netik&nbsp; \/Arnaud Saint-Sup\u00e9ry<\/p>\n\n\n\n<p><strong>H\u00e9bergement web du site :<\/strong><br>\u2026\u2026\u2026\u2026.<\/p>\n\n\n\n<p>1- DROITS DE PROPRIETE INTELLECTUELLE&nbsp;<br>Toute reproduction, repr\u00e9sentation, utilisation, adaptation, modification, incorporation, traduction, commercialisation, partielles ou int\u00e9grales par quelque proc\u00e9d\u00e9 et sur quelque support que ce soit (papier, num\u00e9rique, \u2026) sont interdites, sans l&#8217;autorisation \u00e9crite pr\u00e9alable de la&nbsp;Soci\u00e9t\u00e9 de D\u00e9veloppement Touristique Souss Massa &#8211; SDR S.A<\/p>\n\n\n\n<p>2- INFORMATIONS RELATIVES AUX PRODUITS ET SERVICES&nbsp;<br>Les informations et illustrations figurant sur les pages de ce site Internet sont bas\u00e9es sur les caract\u00e9ristiques techniques en cours au moment de la mise en ligne ou de la mise \u00e0 jour des diff\u00e9rentes pages du site.<\/p>\n\n\n\n<p>Dans le cadre d&#8217;une politique d&#8217;am\u00e9lioration constante du produit,&nbsp;&nbsp;la&nbsp;&nbsp;Soci\u00e9t\u00e9 de D\u00e9veloppement Touristique Souss Massa &#8211; SDR S.A&nbsp;peut modifier \u00e0 tout moment les caract\u00e9ristiques techniques et technologiques de ses produits et services.<\/p>\n\n\n\n<p>En tout \u00e9tat de cause, les informations contenues sur ce site sont des informations \u00e0 caract\u00e8re g\u00e9n\u00e9ral et n&#8217;ont pas valeur contractuelle.<\/p>\n\n\n\n<p>3- PROTECTION DES DONNEES PERSONNELLES&nbsp;<br>La consultation du site&nbsp;<a href=\"https:\/\/www.explore-agadirsoussmassa.com\/\" target=\"_blank\" rel=\"noreferrer noopener\">https:\/\/www.explore-agadirsoussmassa.com<\/a>&nbsp;est possible sans que vous ayez \u00e0 r\u00e9v\u00e9ler votre identit\u00e9 ou toute autre information \u00e0 caract\u00e8re personnel vous concernant.<\/p>\n\n\n\n<p>Concernant les informations \u00e0 caract\u00e8re nominatif que vous seriez amen\u00e9 \u00e0 nous communiquer, vous b\u00e9n\u00e9ficiez d&#8217;un droit d&#8217;acc\u00e8s et de rectification conform\u00e9ment \u00e0 la loi marocaine.<\/p>\n\n\n\n<p>La collecte de ces informations est n\u00e9cessaire pour r\u00e9pondre \u00e0 vos demandes de renseignement, de prise de rendez-vous et vous adresser, le cas \u00e9ch\u00e9ant, une lettre d&#8217;information \u00e9lectronique.<\/p>\n\n\n\n<p>Nous vous signalons qu&#8217;afin de vous proposer des produits et services toujours plus adapt\u00e9s, certaines informations \u00e0 caract\u00e8re non personnel, relatives \u00e0 votre activit\u00e9 sur ce site, seront automatiquement collect\u00e9es.<\/p>\n\n\n\n<p>4- LIENS HYPERTEXTES&nbsp;<br>En tout \u00e9tat de cause, la&nbsp;&nbsp;Soci\u00e9t\u00e9 de D\u00e9veloppement Touristique Souss Massa &#8211; SDR S.A&nbsp;n&#8217;est en aucun cas tenue responsable du contenu ainsi que des produits ou services propos\u00e9s sur les sites auxquels le site&nbsp;<a href=\"https:\/\/www.explore-agadirsoussmassa.com\/\" target=\"_blank\" rel=\"noreferrer noopener\">https:\/\/www.explore-agadirsoussmassa.com<\/a>&nbsp;se trouverait li\u00e9 par des liens hypertextes ou tout autre type de liens.<\/p>\n\n\n\n<p>Le site&nbsp;<a href=\"https:\/\/www.explore-agadirsoussmassa.com\/\" target=\"_blank\" rel=\"noreferrer noopener\">https:\/\/www.explore-agadirsoussmassa.com<\/a>&nbsp;contient un certain nombre de liens hypertextes vers d&#8217;autres sites, mis en place avec l&#8217;autorisation du la&nbsp;&nbsp;Soci\u00e9t\u00e9 de D\u00e9veloppement Touristique Souss Massa &#8211; SDR S.A.<\/p>\n\n\n\n<p>Cependant, la&nbsp;&nbsp;Soci\u00e9t\u00e9 de D\u00e9veloppement Touristique Souss Massa &#8211; SDR S.A&nbsp;n&#8217;a pas la possibilit\u00e9 de v\u00e9rifier le contenu des sites ainsi visit\u00e9s, et n&#8217;assumera en cons\u00e9quence aucune responsabilit\u00e9 de ce fait.<\/p>\n\n\n\n<p>5- DROIT APPLICABLE&nbsp;<br>Le site Internet&nbsp;<a href=\"https:\/\/www.explore-agadirsoussmassa.com\/\" target=\"_blank\" rel=\"noreferrer noopener\">https:\/\/www.explore-agadirsoussmassa.com<\/a>&nbsp;et les pr\u00e9sentes conditions g\u00e9n\u00e9rales sont soumis au droit marocain et sont r\u00e9dig\u00e9es en fran\u00e7ais.<\/p>\n\n\n\n<p>6- LIMITATION DE RESPONSABILITE&nbsp;<br>Vous utilisez le site&nbsp;<a href=\"https:\/\/www.explore-agadirsoussmassa.com\/\" target=\"_blank\" rel=\"noreferrer noopener\">https:\/\/www.explore-agadirsoussmassa.com<\/a>&nbsp;sous votre seule et enti\u00e8re responsabilit\u00e9. La&nbsp;&nbsp;Soci\u00e9t\u00e9 de D\u00e9veloppement Touristique Souss Massa &#8211; SDR S.A&nbsp;et les membres de son r\u00e9seau ne pourront \u00eatre tenus pour responsables des dommages directs ou indirects, tels que, notamment, pr\u00e9judice mat\u00e9riel, pertes de donn\u00e9es ou de programme, pr\u00e9judice financier, r\u00e9sultant de l&#8217;utilisation de ce site ou de sites qui lui sont li\u00e9s.<\/p>\n\n\n\n<p>Vous devez, en cons\u00e9quence, vous assurer que la loi du pays \u00e0 partir duquel vous vous connectez autorise la consultation du site&nbsp;<a href=\"https:\/\/www.explore-agadirsoussmassa.com\/\" target=\"_blank\" rel=\"noreferrer noopener\">https:\/\/www.explore-agadirsoussmassa.com<\/a><\/p>\n\n\n\n<p>7- MISE \u00c0 JOUR&nbsp;<br>La&nbsp;&nbsp;Soci\u00e9t\u00e9 de D\u00e9veloppement Touristique Souss Massa &#8211; SDR S.A&nbsp;se r\u00e9serve le droit de modifier et de mettre \u00e0 jour, sans pr\u00e9avis, les pr\u00e9sentes Conditions G\u00e9n\u00e9rales et tous les \u00e9l\u00e9ments, produits ou services pr\u00e9sent\u00e9s sur le site.<\/p>\n\n\n\n<p>L&#8217;ensemble de ces modifications s&#8217;impose aux internautes qui doivent consulter les pr\u00e9sentes Conditions G\u00e9n\u00e9rales lors de chaque connexion.<\/p>\n\n\n\n<p>Le site Internet ne pourra \u00eatre tenu responsable de dommages mat\u00e9riels li\u00e9s \u00e0 l&#8217;utilisation du site. De plus, l&#8217;utilisateur du site s&#8217;engage \u00e0 acc\u00e9der au site en utilisant un mat\u00e9riel r\u00e9cent, ne contenant pas de virus et avec un navigateur de derni\u00e8re g\u00e9n\u00e9ration mis-\u00e0-jour.<\/p>\n\n\n\n<p>Le site&nbsp;<a href=\"https:\/\/www.explore-agadirsoussmassa.com\/\" target=\"_blank\" rel=\"noreferrer noopener\">https:\/\/www.explore-agadirsoussmassa.com<\/a>&nbsp;est destin\u00e9 \u00e0 l&#8217;information personnelle des internautes qui l&#8217;utilisent. L&#8217;acc\u00e8s et l&#8217;utilisation de ce site sont soumis aux pr\u00e9sentes &#8220;conditions g\u00e9n\u00e9rales&#8221; d\u00e9taill\u00e9es ci-apr\u00e8s ainsi qu&#8217;aux lois applicables.<\/p>\n\n\n\n<p>La connexion et l&#8217;acc\u00e8s au site&nbsp;<a href=\"https:\/\/www.explore-agadirsoussmassa.com\/\" target=\"_blank\" rel=\"noreferrer noopener\">https:\/\/www.explore-agadirsoussmassa.com<\/a>implique l&#8217;acceptation int\u00e9grale et sans r\u00e9serve de l&#8217;internaute de toutes les dispositions des pr\u00e9sentes conditions g\u00e9n\u00e9rales.<\/p>\n\n\n\n<p><\/p>\n","protected":false},"excerpt":{"rendered":"<div class=\"post-excerpt\">Propri\u00e9taire du site: Soci\u00e9t\u00e9 de D\u00e9veloppement Touristique Souss Massa &#8211; SDR S.A, dont le si\u00e8ge social est situ\u00e9 \u00e0 Immeuble Dar Al Mohami II, 2\u00e8me \u00e9tage A208, Haut Founty \u2013&hellip;<\/div>\n<div class=\"post-more\"><a href=\"https:\/\/explore-agadirsoussmassa.com\/ar\/mentions-legales\/\" class=\"button button-primary button-effect\"><span>\u0627\u0646\u0638\u0631 \u0627\u0644\u062a\u0641\u0627\u0635\u064a\u0644<\/span><span><i class=\"cs-icon cs-icon-arrow-right\"><\/i><\/span><\/a><\/div>\n","protected":false},"author":1,"featured_media":0,"parent":0,"menu_order":0,"comment_status":"closed","ping_status":"closed","template":"","meta":{"_acf_changed":false,"footnotes":""},"categories":[],"tags":[],"class_list":["post-36074","page","type-page","status-publish"],"acf":[],"yoast_head":"<!-- This site is optimized with the Yoast SEO plugin v25.0 - https:\/\/yoast.com\/wordpress\/plugins\/seo\/ -->\n<title>\u0625\u0634\u0639\u0627\u0631 \u0642\u0627\u0646\u0648\u0646\u064a - Explore Agadir Souss Massa<\/title>\n<meta name=\"robots\" content=\"index, follow, max-snippet:-1, max-image-preview:large, max-video-preview:-1\" \/>\n<link rel=\"canonical\" href=\"https:\/\/explore-agadirsoussmassa.com\/ar\/mentions-legales\/\" \/>\n<meta property=\"og:locale\" content=\"ar_AR\" \/>\n<meta property=\"og:type\" content=\"article\" \/>\n<meta property=\"og:title\" content=\"\u0625\u0634\u0639\u0627\u0631 \u0642\u0627\u0646\u0648\u0646\u064a - Explore Agadir Souss Massa\" \/>\n<meta property=\"og:description\" content=\"Propri\u00e9taire du site: Soci\u00e9t\u00e9 de D\u00e9veloppement Touristique Souss Massa &#8211; SDR S.A, dont le si\u00e8ge social est situ\u00e9 \u00e0 Immeuble Dar Al Mohami II, 2\u00e8me \u00e9tage A208, Haut Founty \u2013&hellip;\u0627\u0646\u0638\u0631 \u0627\u0644\u062a\u0641\u0627\u0635\u064a\u0644\" \/>\n<meta property=\"og:url\" content=\"https:\/\/explore-agadirsoussmassa.com\/ar\/mentions-legales\/\" \/>\n<meta property=\"og:site_name\" content=\"Explore Agadir Souss Massa\" \/>\n<meta property=\"article:publisher\" content=\"https:\/\/www.facebook.com\/Explore-Souss-Massa-111659480353930\" \/>\n<meta property=\"article:modified_time\" content=\"2021-02-17T09:18:48+00:00\" \/>\n<meta name=\"twitter:card\" content=\"summary_large_image\" \/>\n<meta name=\"twitter:label1\" content=\"\u0648\u0642\u062a \u0627\u0644\u0642\u0631\u0627\u0621\u0629 \u0627\u0644\u0645\u064f\u0642\u062f\u0651\u0631\" \/>\n\t<meta name=\"twitter:data1\" content=\"4 \u062f\u0642\u0627\u0626\u0642\" \/>\n<script type=\"application\/ld+json\" class=\"yoast-schema-graph\">{\"@context\":\"https:\/\/schema.org\",\"@graph\":[{\"@type\":\"WebPage\",\"@id\":\"https:\/\/explore-agadirsoussmassa.com\/ar\/mentions-legales\/\",\"url\":\"https:\/\/explore-agadirsoussmassa.com\/ar\/mentions-legales\/\",\"name\":\"\u0625\u0634\u0639\u0627\u0631 \u0642\u0627\u0646\u0648\u0646\u064a - Explore Agadir Souss Massa\",\"isPartOf\":{\"@id\":\"https:\/\/explore-agadirsoussmassa.com\/ar\/#website\"},\"datePublished\":\"2019-10-24T08:35:58+00:00\",\"dateModified\":\"2021-02-17T09:18:48+00:00\",\"breadcrumb\":{\"@id\":\"https:\/\/explore-agadirsoussmassa.com\/ar\/mentions-legales\/#breadcrumb\"},\"inLanguage\":\"ar\",\"potentialAction\":[{\"@type\":\"ReadAction\",\"target\":[\"https:\/\/explore-agadirsoussmassa.com\/ar\/mentions-legales\/\"]}]},{\"@type\":\"BreadcrumbList\",\"@id\":\"https:\/\/explore-agadirsoussmassa.com\/ar\/mentions-legales\/#breadcrumb\",\"itemListElement\":[{\"@type\":\"ListItem\",\"position\":1,\"name\":\"Accueil\",\"item\":\"https:\/\/explore-agadirsoussmassa.com\/ar\/\"},{\"@type\":\"ListItem\",\"position\":2,\"name\":\"\u0625\u0634\u0639\u0627\u0631 \u0642\u0627\u0646\u0648\u0646\u064a\"}]},{\"@type\":\"WebSite\",\"@id\":\"https:\/\/explore-agadirsoussmassa.com\/ar\/#website\",\"url\":\"https:\/\/explore-agadirsoussmassa.com\/ar\/\",\"name\":\"Explore Agadir Souss Massa\",\"description\":\"R\u00e9gion Souss Massa\",\"publisher\":{\"@id\":\"https:\/\/explore-agadirsoussmassa.com\/ar\/#organization\"},\"potentialAction\":[{\"@type\":\"SearchAction\",\"target\":{\"@type\":\"EntryPoint\",\"urlTemplate\":\"https:\/\/explore-agadirsoussmassa.com\/ar\/?s={search_term_string}\"},\"query-input\":{\"@type\":\"PropertyValueSpecification\",\"valueRequired\":true,\"valueName\":\"search_term_string\"}}],\"inLanguage\":\"ar\"},{\"@type\":\"Organization\",\"@id\":\"https:\/\/explore-agadirsoussmassa.com\/ar\/#organization\",\"name\":\"SDR Tourisme Souss Massa\",\"url\":\"https:\/\/explore-agadirsoussmassa.com\/ar\/\",\"logo\":{\"@type\":\"ImageObject\",\"inLanguage\":\"ar\",\"@id\":\"https:\/\/explore-agadirsoussmassa.com\/ar\/#\/schema\/logo\/image\/\",\"url\":\"https:\/\/zt88dgbrixj.preview.infomaniak.website\/wp-content\/uploads\/2020\/08\/logo-sdr.png\",\"contentUrl\":\"https:\/\/zt88dgbrixj.preview.infomaniak.website\/wp-content\/uploads\/2020\/08\/logo-sdr.png\",\"width\":404,\"height\":286,\"caption\":\"SDR Tourisme Souss Massa\"},\"image\":{\"@id\":\"https:\/\/explore-agadirsoussmassa.com\/ar\/#\/schema\/logo\/image\/\"},\"sameAs\":[\"https:\/\/www.facebook.com\/Explore-Souss-Massa-111659480353930\",\"https:\/\/www.instagram.com\/exploresoussmassamorocco\/\",\"https:\/\/www.youtube.com\/channel\/UCpSGZAsRRpG40CeT3UcIcOA\/videos\"]}]}<\/script>\n<!-- \/ Yoast SEO plugin. -->","yoast_head_json":{"title":"\u0625\u0634\u0639\u0627\u0631 \u0642\u0627\u0646\u0648\u0646\u064a - Explore Agadir Souss Massa","robots":{"index":"index","follow":"follow","max-snippet":"max-snippet:-1","max-image-preview":"max-image-preview:large","max-video-preview":"max-video-preview:-1"},"canonical":"https:\/\/explore-agadirsoussmassa.com\/ar\/mentions-legales\/","og_locale":"ar_AR","og_type":"article","og_title":"\u0625\u0634\u0639\u0627\u0631 \u0642\u0627\u0646\u0648\u0646\u064a - Explore Agadir Souss Massa","og_description":"Propri\u00e9taire du site: Soci\u00e9t\u00e9 de D\u00e9veloppement Touristique Souss Massa &#8211; SDR S.A, dont le si\u00e8ge social est situ\u00e9 \u00e0 Immeuble Dar Al Mohami II, 2\u00e8me \u00e9tage A208, Haut Founty \u2013&hellip;\u0627\u0646\u0638\u0631 \u0627\u0644\u062a\u0641\u0627\u0635\u064a\u0644","og_url":"https:\/\/explore-agadirsoussmassa.com\/ar\/mentions-legales\/","og_site_name":"Explore Agadir Souss Massa","article_publisher":"https:\/\/www.facebook.com\/Explore-Souss-Massa-111659480353930","article_modified_time":"2021-02-17T09:18:48+00:00","twitter_card":"summary_large_image","twitter_misc":{"\u0648\u0642\u062a \u0627\u0644\u0642\u0631\u0627\u0621\u0629 \u0627\u0644\u0645\u064f\u0642\u062f\u0651\u0631":"4 \u062f\u0642\u0627\u0626\u0642"},"schema":{"@context":"https:\/\/schema.org","@graph":[{"@type":"WebPage","@id":"https:\/\/explore-agadirsoussmassa.com\/ar\/mentions-legales\/","url":"https:\/\/explore-agadirsoussmassa.com\/ar\/mentions-legales\/","name":"\u0625\u0634\u0639\u0627\u0631 \u0642\u0627\u0646\u0648\u0646\u064a - Explore Agadir Souss Massa","isPartOf":{"@id":"https:\/\/explore-agadirsoussmassa.com\/ar\/#website"},"datePublished":"2019-10-24T08:35:58+00:00","dateModified":"2021-02-17T09:18:48+00:00","breadcrumb":{"@id":"https:\/\/explore-agadirsoussmassa.com\/ar\/mentions-legales\/#breadcrumb"},"inLanguage":"ar","potentialAction":[{"@type":"ReadAction","target":["https:\/\/explore-agadirsoussmassa.com\/ar\/mentions-legales\/"]}]},{"@type":"BreadcrumbList","@id":"https:\/\/explore-agadirsoussmassa.com\/ar\/mentions-legales\/#breadcrumb","itemListElement":[{"@type":"ListItem","position":1,"name":"Accueil","item":"https:\/\/explore-agadirsoussmassa.com\/ar\/"},{"@type":"ListItem","position":2,"name":"\u0625\u0634\u0639\u0627\u0631 \u0642\u0627\u0646\u0648\u0646\u064a"}]},{"@type":"WebSite","@id":"https:\/\/explore-agadirsoussmassa.com\/ar\/#website","url":"https:\/\/explore-agadirsoussmassa.com\/ar\/","name":"Explore Agadir Souss Massa","description":"R\u00e9gion Souss Massa","publisher":{"@id":"https:\/\/explore-agadirsoussmassa.com\/ar\/#organization"},"potentialAction":[{"@type":"SearchAction","target":{"@type":"EntryPoint","urlTemplate":"https:\/\/explore-agadirsoussmassa.com\/ar\/?s={search_term_string}"},"query-input":{"@type":"PropertyValueSpecification","valueRequired":true,"valueName":"search_term_string"}}],"inLanguage":"ar"},{"@type":"Organization","@id":"https:\/\/explore-agadirsoussmassa.com\/ar\/#organization","name":"SDR Tourisme Souss Massa","url":"https:\/\/explore-agadirsoussmassa.com\/ar\/","logo":{"@type":"ImageObject","inLanguage":"ar","@id":"https:\/\/explore-agadirsoussmassa.com\/ar\/#\/schema\/logo\/image\/","url":"https:\/\/zt88dgbrixj.preview.infomaniak.website\/wp-content\/uploads\/2020\/08\/logo-sdr.png","contentUrl":"https:\/\/zt88dgbrixj.preview.infomaniak.website\/wp-content\/uploads\/2020\/08\/logo-sdr.png","width":404,"height":286,"caption":"SDR Tourisme Souss Massa"},"image":{"@id":"https:\/\/explore-agadirsoussmassa.com\/ar\/#\/schema\/logo\/image\/"},"sameAs":["https:\/\/www.facebook.com\/Explore-Souss-Massa-111659480353930","https:\/\/www.instagram.com\/exploresoussmassamorocco\/","https:\/\/www.youtube.com\/channel\/UCpSGZAsRRpG40CeT3UcIcOA\/videos"]}]}},"_links":{"self":[{"href":"https:\/\/explore-agadirsoussmassa.com\/ar\/wp-json\/wp\/v2\/pages\/36074","targetHints":{"allow":["GET"]}}],"collection":[{"href":"https:\/\/explore-agadirsoussmassa.com\/ar\/wp-json\/wp\/v2\/pages"}],"about":[{"href":"https:\/\/explore-agadirsoussmassa.com\/ar\/wp-json\/wp\/v2\/types\/page"}],"author":[{"embeddable":true,"href":"https:\/\/explore-agadirsoussmassa.com\/ar\/wp-json\/wp\/v2\/users\/1"}],"replies":[{"embeddable":true,"href":"https:\/\/explore-agadirsoussmassa.com\/ar\/wp-json\/wp\/v2\/comments?post=36074"}],"version-history":[{"count":1,"href":"https:\/\/explore-agadirsoussmassa.com\/ar\/wp-json\/wp\/v2\/pages\/36074\/revisions"}],"predecessor-version":[{"id":43511,"href":"https:\/\/explore-agadirsoussmassa.com\/ar\/wp-json\/wp\/v2\/pages\/36074\/revisions\/43511"}],"wp:attachment":[{"href":"https:\/\/explore-agadirsoussmassa.com\/ar\/wp-json\/wp\/v2\/media?parent=36074"}],"wp:term":[{"taxonomy":"category","embeddable":true,"href":"https:\/\/explore-agadirsoussmassa.com\/ar\/wp-json\/wp\/v2\/categories?post=36074"},{"taxonomy":"post_tag","embeddable":true,"href":"https:\/\/explore-agadirsoussmassa.com\/ar\/wp-json\/wp\/v2\/tags?post=36074"}],"curies":[{"name":"wp","href":"https:\/\/api.w.org\/{rel}","templated":true}]}}