{"id":36076,"date":"2019-10-24T10:35:58","date_gmt":"2019-10-24T08:35:58","guid":{"rendered":"https:\/\/explore-agadirsoussmassa.com\/mentions-legales\/"},"modified":"2020-10-20T19:25:51","modified_gmt":"2020-10-20T17:25:51","slug":"mentions-legales","status":"publish","type":"page","link":"https:\/\/explore-agadirsoussmassa.com\/de\/mentions-legales\/","title":{"rendered":"Rechtliche hinweise"},"content":{"rendered":"\n<p><strong>Eigent\u00fcmer der Website :<\/strong><br>Soci\u00e9t\u00e9 de D\u00e9veloppement Touristique Souss Massa &#8211; SDR S.A., deren Hauptsitz sich im Geb\u00e4ude Dar<br>Al Mohami II, 2. Stock A208, Haut Founty &#8211; Agadir, befindet.<br>Gesellschaft mit beschr\u00e4nkter Haftung mit einem Kapital von einundzwanzig Millionen<br>f\u00fcnfhunderttausend Dirham (21.500.000 Dh), eingetragen im Handelsregister von Agadir unter der<br>Nummer 39225.<\/p>\n\n\n\n<p><strong>Konzeption und Realisierung der Website :<\/strong><br>Webagentur &amp; Inhalt : Netik \/Arnaud Saint-Sup\u00e9ry<\/p>\n\n\n\n<p><strong>Webhosting der Website :<\/strong><\/p>\n\n\n\n<p>\u2026\u2026\u2026\u2026.\u2026\u2026\u2026\u2026.\u2026\u2026\u2026\u2026.\u2026\u2026\u2026\u2026.\u2026\u2026\u2026\u2026.<\/p>\n\n\n\n<p><br><br><br>1- RECHTE AN GEISTIGEM EIGENTUM<br>Jegliche Reproduktion, Darstellung, Verwendung, Anpassung, \u00c4nderung, Eingliederung, \u00dcbersetzung,<br>Vermarktung, teilweise oder vollst\u00e4ndig durch irgendein Verfahren und auf irgendeinem Medium<br>(Papier, digital, \u2026) ist ohne vorherige schriftliche Genehmigung der Soci\u00e9t\u00e9 de D\u00e9veloppement<br>Touristique Souss Massa &#8211; SDR S.A. verboten.<\/p>\n\n\n\n<p><br>2- INFORMATIONEN IN BEZUG AUF PRODUKTE UND DIENSTLEISTUNGEN<br>Die Informationen und Abbildungen, die auf den Seiten dieser Website erscheinen, basieren auf den<br>technischen Merkmalen, die zu dem Zeitpunkt gelten, an dem die verschiedenen Seiten der Website<br>online gestellt oder aktualisiert werden.<br>Im Rahmen einer Politik der st\u00e4ndigen Produktverbesserung kann die Soci\u00e9t\u00e9 de D\u00e9veloppement<br>Touristique Souss Massa &#8211; SDR S.A. die technischen und technologischen Merkmale ihrer Produkte<br>und Dienstleistungen jederzeit \u00e4ndern.<br>In jedem Fall sind die auf dieser Website enthaltenen Informationen allgemeiner Art und haben<br>keinen vertraglichen Wert.<\/p>\n\n\n\n<p><br>3- SCHUTZ DER PERS\u00d6NLICHEN DATEN<br>Sie k\u00f6nnen die Website https:\/\/www.explore-agadirsoussmassa.com konsultieren, ohne Ihre<br>Identit\u00e4t oder andere pers\u00f6nliche Informationen \u00fcber Sie preisgeben zu m\u00fcssen.<br>Hinsichtlich der pers\u00f6nlichen Daten, die Sie uns mitteilen m\u00fcssen, haben Sie ein Auskunfts- und<br>Berichtigungsrecht nach marokkanischem Recht.<\/p>\n\n\n\n<p><br>Die Erfassung dieser Informationen ist notwendig, um Ihre Informationsanfragen zu beantworten,<br>Termine zu vereinbaren und Ihnen gegebenenfalls einen elektronischen Newsletter zuzusenden.<br>Wir m\u00f6chten Sie darauf hinweisen, dass, um Ihnen Produkte und Dienstleistungen anbieten zu<br>k\u00f6nnen, die zunehmend an Ihre Bed\u00fcrfnisse angepasst werden, bestimmte Informationen nichtpers\u00f6nlicher Art, die sich auf Ihre T\u00e4tigkeit auf dieser Website beziehen, automatisch gesammelt<br>werden.<br><\/p>\n\n\n\n<p>4- HYPERTEXT-LINKS<br>In jedem Fall ist die Soci\u00e9t\u00e9 de D\u00e9veloppement Touristique Souss Massa &#8211; SDR S.A. in keiner Weise<br>verantwortlich f\u00fcr den Inhalt sowie f\u00fcr die Produkte oder Dienstleistungen, die auf den Websites<br>angeboten werden, mit denen die Website https:\/\/www.explore-agadirsoussmassa.com durch<br>Hypertext-Links oder jede andere Art von Link verbunden w\u00e4re.<\/p>\n\n\n\n<p><br>Die Website https:\/\/www.explore-agadirsoussmassa.com enth\u00e4lt eine Reihe von Hypertext-Links zu<br>anderen Websites, die mit Genehmigung der Soci\u00e9t\u00e9 de D\u00e9veloppement Touristique Souss Massa &#8211;<br>SDR S.A. eingerichtet wurden.<\/p>\n\n\n\n<p><br>Die Soci\u00e9t\u00e9 de D\u00e9veloppement Touristique Souss Massa &#8211; SDR S.A. ist jedoch nicht in der Lage, den<br>Inhalt der besuchten Sites zu \u00fcberpr\u00fcfen und \u00fcbernimmt daher keine Verantwortung f\u00fcr diese<br>Tatsache.<\/p>\n\n\n\n<p>5- ANWENDBARES RECHT<br>Die Website https:\/\/www.explore-agadirsoussmassa.com und die vorliegenden allgemeinen<br>Bedingungen unterliegen dem marokkanischen Recht und sind in deutscher Sprache verfasst.<\/p>\n\n\n\n<p><br>6- HAFTUNGSBESCHR\u00c4NKUNG<br>Ihre Benutzung der Website https:\/\/www.explore-agadirsoussmassa.com unterliegt Ihrer alleinigen<br>und vollst\u00e4ndigen Verantwortung. Die Soci\u00e9t\u00e9 de D\u00e9veloppement Touristique Souss Massa &#8211; SDR S.A.<br>und die Mitglieder ihres Netzwerks k\u00f6nnen nicht f\u00fcr direkte oder indirekte Sch\u00e4den, wie<br>insbesondere materielle Sch\u00e4den, Daten- oder Programmverluste, finanzielle Verluste, die sich aus<br>der Nutzung dieser Website oder damit verbundener Websites ergeben, haftbar gemacht werden.<br>Sie m\u00fcssen daher sicherstellen, dass das Recht des Landes, aus dem Sie auf die Site zugreifen, die<br>Konsultation der Website https:\/\/www.explore-agadirsoussmassa.com zul\u00e4sst.<\/p>\n\n\n\n<p><br>7- AKTUALISIEREN<br>Die Soci\u00e9t\u00e9 de D\u00e9veloppement Touristique Souss Massa &#8211; SDR S.A. beh\u00e4lt sich das Recht vor, die<br>vorliegenden Allgemeinen Gesch\u00e4ftsbedingungen und alle auf der Website pr\u00e4sentierten Elemente,<br>Produkte oder Dienstleistungen ohne Vorank\u00fcndigung zu \u00e4ndern und zu aktualisieren.<br>Alle diese \u00c4nderungen sind f\u00fcr die Internetbenutzer verbindlich, die diese Allgemeinen Bedingungen<br>bei jeder Verbindung konsultieren m\u00fcssen.<\/p>\n\n\n\n<p><br>Die Website kann nicht f\u00fcr materielle Sch\u00e4den im Zusammenhang mit der Nutzung der Website<br>haftbar gemacht werden. Dar\u00fcber hinaus verpflichtet sich der Benutzer der Website, auf die Website<br>mit neueren, virenfreien Ger\u00e4ten und mit einem Browser der neuesten Generation zuzugreifen.<br>Die Website https:\/\/www.explore-agadirsoussmassa.com ist f\u00fcr die pers\u00f6nliche Information der<br>Internetbenutzer bestimmt, die sie benutzen. Der Zugang zu und die Nutzung dieser Website<br>unterliegen den unten aufgef\u00fchrten &#8222;Allgemeinen Gesch\u00e4ftsbedingungen&#8220; sowie den geltenden<br>Gesetzen.<\/p>\n\n\n\n<p><\/p>\n","protected":false},"excerpt":{"rendered":"<div class=\"post-excerpt\">Eigent\u00fcmer der Website :Soci\u00e9t\u00e9 de D\u00e9veloppement Touristique Souss Massa &#8211; SDR S.A., deren Hauptsitz sich im Geb\u00e4ude DarAl Mohami II, 2. Stock A208, Haut Founty &#8211; Agadir, befindet.Gesellschaft mit beschr\u00e4nkter&hellip;<\/div>\n<div class=\"post-more\"><a href=\"https:\/\/explore-agadirsoussmassa.com\/de\/mentions-legales\/\" class=\"button button-primary button-effect\"><span>Siehe Detail<\/span><span><i class=\"cs-icon cs-icon-arrow-right\"><\/i><\/span><\/a><\/div>\n","protected":false},"author":1,"featured_media":0,"parent":0,"menu_order":0,"comment_status":"closed","ping_status":"closed","template":"","meta":{"_acf_changed":false,"footnotes":""},"categories":[],"tags":[],"class_list":["post-36076","page","type-page","status-publish"],"acf":[],"yoast_head":"<!-- This site is optimized with the Yoast SEO plugin v25.0 - https:\/\/yoast.com\/wordpress\/plugins\/seo\/ -->\n<title>Rechtliche hinweise - Explore Agadir Souss Massa<\/title>\n<meta name=\"robots\" content=\"index, follow, max-snippet:-1, max-image-preview:large, max-video-preview:-1\" \/>\n<link rel=\"canonical\" href=\"https:\/\/explore-agadirsoussmassa.com\/de\/mentions-legales\/\" \/>\n<meta property=\"og:locale\" content=\"de_DE\" \/>\n<meta property=\"og:type\" content=\"article\" \/>\n<meta property=\"og:title\" content=\"Rechtliche hinweise - Explore Agadir Souss Massa\" \/>\n<meta property=\"og:description\" content=\"Eigent\u00fcmer der Website :Soci\u00e9t\u00e9 de D\u00e9veloppement Touristique Souss Massa &#8211; SDR S.A., deren Hauptsitz sich im Geb\u00e4ude DarAl Mohami II, 2. Stock A208, Haut Founty &#8211; Agadir, befindet.Gesellschaft mit beschr\u00e4nkter&hellip;Siehe Detail\" \/>\n<meta property=\"og:url\" content=\"https:\/\/explore-agadirsoussmassa.com\/de\/mentions-legales\/\" \/>\n<meta property=\"og:site_name\" content=\"Explore Agadir Souss Massa\" \/>\n<meta property=\"article:publisher\" content=\"https:\/\/www.facebook.com\/Explore-Souss-Massa-111659480353930\" \/>\n<meta property=\"article:modified_time\" content=\"2020-10-20T17:25:51+00:00\" \/>\n<meta name=\"twitter:card\" content=\"summary_large_image\" \/>\n<meta name=\"twitter:label1\" content=\"Gesch\u00e4tzte Lesezeit\" \/>\n\t<meta name=\"twitter:data1\" content=\"3\u00a0Minuten\" \/>\n<script type=\"application\/ld+json\" class=\"yoast-schema-graph\">{\"@context\":\"https:\/\/schema.org\",\"@graph\":[{\"@type\":\"WebPage\",\"@id\":\"https:\/\/explore-agadirsoussmassa.com\/de\/mentions-legales\/\",\"url\":\"https:\/\/explore-agadirsoussmassa.com\/de\/mentions-legales\/\",\"name\":\"Rechtliche hinweise - Explore Agadir Souss Massa\",\"isPartOf\":{\"@id\":\"https:\/\/explore-agadirsoussmassa.com\/de\/#website\"},\"datePublished\":\"2019-10-24T08:35:58+00:00\",\"dateModified\":\"2020-10-20T17:25:51+00:00\",\"breadcrumb\":{\"@id\":\"https:\/\/explore-agadirsoussmassa.com\/de\/mentions-legales\/#breadcrumb\"},\"inLanguage\":\"de\",\"potentialAction\":[{\"@type\":\"ReadAction\",\"target\":[\"https:\/\/explore-agadirsoussmassa.com\/de\/mentions-legales\/\"]}]},{\"@type\":\"BreadcrumbList\",\"@id\":\"https:\/\/explore-agadirsoussmassa.com\/de\/mentions-legales\/#breadcrumb\",\"itemListElement\":[{\"@type\":\"ListItem\",\"position\":1,\"name\":\"Accueil\",\"item\":\"https:\/\/explore-agadirsoussmassa.com\/de\/\"},{\"@type\":\"ListItem\",\"position\":2,\"name\":\"Rechtliche hinweise\"}]},{\"@type\":\"WebSite\",\"@id\":\"https:\/\/explore-agadirsoussmassa.com\/de\/#website\",\"url\":\"https:\/\/explore-agadirsoussmassa.com\/de\/\",\"name\":\"Explore Agadir Souss Massa\",\"description\":\"R\u00e9gion Souss Massa\",\"publisher\":{\"@id\":\"https:\/\/explore-agadirsoussmassa.com\/de\/#organization\"},\"potentialAction\":[{\"@type\":\"SearchAction\",\"target\":{\"@type\":\"EntryPoint\",\"urlTemplate\":\"https:\/\/explore-agadirsoussmassa.com\/de\/?s={search_term_string}\"},\"query-input\":{\"@type\":\"PropertyValueSpecification\",\"valueRequired\":true,\"valueName\":\"search_term_string\"}}],\"inLanguage\":\"de\"},{\"@type\":\"Organization\",\"@id\":\"https:\/\/explore-agadirsoussmassa.com\/de\/#organization\",\"name\":\"SDR Tourisme Souss Massa\",\"url\":\"https:\/\/explore-agadirsoussmassa.com\/de\/\",\"logo\":{\"@type\":\"ImageObject\",\"inLanguage\":\"de\",\"@id\":\"https:\/\/explore-agadirsoussmassa.com\/de\/#\/schema\/logo\/image\/\",\"url\":\"https:\/\/zt88dgbrixj.preview.infomaniak.website\/wp-content\/uploads\/2020\/08\/logo-sdr.png\",\"contentUrl\":\"https:\/\/zt88dgbrixj.preview.infomaniak.website\/wp-content\/uploads\/2020\/08\/logo-sdr.png\",\"width\":404,\"height\":286,\"caption\":\"SDR Tourisme Souss Massa\"},\"image\":{\"@id\":\"https:\/\/explore-agadirsoussmassa.com\/de\/#\/schema\/logo\/image\/\"},\"sameAs\":[\"https:\/\/www.facebook.com\/Explore-Souss-Massa-111659480353930\",\"https:\/\/www.instagram.com\/exploresoussmassamorocco\/\",\"https:\/\/www.youtube.com\/channel\/UCpSGZAsRRpG40CeT3UcIcOA\/videos\"]}]}<\/script>\n<!-- \/ Yoast SEO plugin. -->","yoast_head_json":{"title":"Rechtliche hinweise - Explore Agadir Souss Massa","robots":{"index":"index","follow":"follow","max-snippet":"max-snippet:-1","max-image-preview":"max-image-preview:large","max-video-preview":"max-video-preview:-1"},"canonical":"https:\/\/explore-agadirsoussmassa.com\/de\/mentions-legales\/","og_locale":"de_DE","og_type":"article","og_title":"Rechtliche hinweise - Explore Agadir Souss Massa","og_description":"Eigent\u00fcmer der Website :Soci\u00e9t\u00e9 de D\u00e9veloppement Touristique Souss Massa &#8211; SDR S.A., deren Hauptsitz sich im Geb\u00e4ude DarAl Mohami II, 2. Stock A208, Haut Founty &#8211; Agadir, befindet.Gesellschaft mit beschr\u00e4nkter&hellip;Siehe Detail","og_url":"https:\/\/explore-agadirsoussmassa.com\/de\/mentions-legales\/","og_site_name":"Explore Agadir Souss Massa","article_publisher":"https:\/\/www.facebook.com\/Explore-Souss-Massa-111659480353930","article_modified_time":"2020-10-20T17:25:51+00:00","twitter_card":"summary_large_image","twitter_misc":{"Gesch\u00e4tzte Lesezeit":"3\u00a0Minuten"},"schema":{"@context":"https:\/\/schema.org","@graph":[{"@type":"WebPage","@id":"https:\/\/explore-agadirsoussmassa.com\/de\/mentions-legales\/","url":"https:\/\/explore-agadirsoussmassa.com\/de\/mentions-legales\/","name":"Rechtliche hinweise - Explore Agadir Souss Massa","isPartOf":{"@id":"https:\/\/explore-agadirsoussmassa.com\/de\/#website"},"datePublished":"2019-10-24T08:35:58+00:00","dateModified":"2020-10-20T17:25:51+00:00","breadcrumb":{"@id":"https:\/\/explore-agadirsoussmassa.com\/de\/mentions-legales\/#breadcrumb"},"inLanguage":"de","potentialAction":[{"@type":"ReadAction","target":["https:\/\/explore-agadirsoussmassa.com\/de\/mentions-legales\/"]}]},{"@type":"BreadcrumbList","@id":"https:\/\/explore-agadirsoussmassa.com\/de\/mentions-legales\/#breadcrumb","itemListElement":[{"@type":"ListItem","position":1,"name":"Accueil","item":"https:\/\/explore-agadirsoussmassa.com\/de\/"},{"@type":"ListItem","position":2,"name":"Rechtliche hinweise"}]},{"@type":"WebSite","@id":"https:\/\/explore-agadirsoussmassa.com\/de\/#website","url":"https:\/\/explore-agadirsoussmassa.com\/de\/","name":"Explore Agadir Souss Massa","description":"R\u00e9gion Souss Massa","publisher":{"@id":"https:\/\/explore-agadirsoussmassa.com\/de\/#organization"},"potentialAction":[{"@type":"SearchAction","target":{"@type":"EntryPoint","urlTemplate":"https:\/\/explore-agadirsoussmassa.com\/de\/?s={search_term_string}"},"query-input":{"@type":"PropertyValueSpecification","valueRequired":true,"valueName":"search_term_string"}}],"inLanguage":"de"},{"@type":"Organization","@id":"https:\/\/explore-agadirsoussmassa.com\/de\/#organization","name":"SDR Tourisme Souss Massa","url":"https:\/\/explore-agadirsoussmassa.com\/de\/","logo":{"@type":"ImageObject","inLanguage":"de","@id":"https:\/\/explore-agadirsoussmassa.com\/de\/#\/schema\/logo\/image\/","url":"https:\/\/zt88dgbrixj.preview.infomaniak.website\/wp-content\/uploads\/2020\/08\/logo-sdr.png","contentUrl":"https:\/\/zt88dgbrixj.preview.infomaniak.website\/wp-content\/uploads\/2020\/08\/logo-sdr.png","width":404,"height":286,"caption":"SDR Tourisme Souss Massa"},"image":{"@id":"https:\/\/explore-agadirsoussmassa.com\/de\/#\/schema\/logo\/image\/"},"sameAs":["https:\/\/www.facebook.com\/Explore-Souss-Massa-111659480353930","https:\/\/www.instagram.com\/exploresoussmassamorocco\/","https:\/\/www.youtube.com\/channel\/UCpSGZAsRRpG40CeT3UcIcOA\/videos"]}]}},"_links":{"self":[{"href":"https:\/\/explore-agadirsoussmassa.com\/de\/wp-json\/wp\/v2\/pages\/36076","targetHints":{"allow":["GET"]}}],"collection":[{"href":"https:\/\/explore-agadirsoussmassa.com\/de\/wp-json\/wp\/v2\/pages"}],"about":[{"href":"https:\/\/explore-agadirsoussmassa.com\/de\/wp-json\/wp\/v2\/types\/page"}],"author":[{"embeddable":true,"href":"https:\/\/explore-agadirsoussmassa.com\/de\/wp-json\/wp\/v2\/users\/1"}],"replies":[{"embeddable":true,"href":"https:\/\/explore-agadirsoussmassa.com\/de\/wp-json\/wp\/v2\/comments?post=36076"}],"version-history":[{"count":3,"href":"https:\/\/explore-agadirsoussmassa.com\/de\/wp-json\/wp\/v2\/pages\/36076\/revisions"}],"predecessor-version":[{"id":40611,"href":"https:\/\/explore-agadirsoussmassa.com\/de\/wp-json\/wp\/v2\/pages\/36076\/revisions\/40611"}],"wp:attachment":[{"href":"https:\/\/explore-agadirsoussmassa.com\/de\/wp-json\/wp\/v2\/media?parent=36076"}],"wp:term":[{"taxonomy":"category","embeddable":true,"href":"https:\/\/explore-agadirsoussmassa.com\/de\/wp-json\/wp\/v2\/categories?post=36076"},{"taxonomy":"post_tag","embeddable":true,"href":"https:\/\/explore-agadirsoussmassa.com\/de\/wp-json\/wp\/v2\/tags?post=36076"}],"curies":[{"name":"wp","href":"https:\/\/api.w.org\/{rel}","templated":true}]}}