{"id":36075,"date":"2019-10-24T10:35:58","date_gmt":"2019-10-24T08:35:58","guid":{"rendered":"https:\/\/explore-agadirsoussmassa.com\/mentions-legales\/"},"modified":"2020-10-16T17:32:44","modified_gmt":"2020-10-16T15:32:44","slug":"mentions-legales","status":"publish","type":"page","link":"https:\/\/explore-agadirsoussmassa.com\/en\/mentions-legales\/","title":{"rendered":"Legal Notice"},"content":{"rendered":"\n<p><strong>Site Owner :<\/strong><\/p>\n\n\n\n<p>Public limited company with a share capital of twenty-one million five hundred thousand dirhams (21,500,000 Dh), registered in the Agadir trade register, number 39225<\/p>\n\n\n\n<p><strong>Design and production of the site: :<\/strong><br>Web &amp; Content agency\u00a0: Netik\u00a0(Arnaud Saint-Sup\u00e9ry)<\/p>\n\n\n\n<p><strong>Website Hosting :<\/strong><br>\u2026\u2026\u2026\u2026.<\/p>\n\n\n\n<p>1- INTELLECTUAL PROPERTY RIGHTS<\/p>\n\n\n\n<p>Any reproduction, representation, use, adaptation, modification, incorporation, translation, marketing, partial or complete by any process and on any medium whatsoever (paper, digital, etc.) are prohibited without the prior written authorization of the  Souss Massa Tourism Development Agency &#8211; SDR SA<\/p>\n\n\n\n<p>2- INFORMATION RELATING TO PRODUCTS AND SERVICES<\/p>\n\n\n\n<p>The information and illustrations appearing on the pages of this website are based on the technical characteristics in effect at the time of the on-line or update of the various pages of the site.<\/p>\n\n\n\n<p>As part of a policy of constant improvement of the product, the Soci\u00e9t\u00e9 de D\u00e9veloppement Touristique Souss Massa &#8211; SDR S.A may modify the technical and technological characteristics of its products and services at any time.<\/p>\n\n\n\n<p>In any event, the information contained on this site is information of a general nature and has no contractual value.<\/p>\n\n\n\n<p>3- PROTECTION OF PERSONAL DATA<\/p>\n\n\n\n<p>The consultation of the site&nbsp;<a href=\"https:\/\/www.explore-agadirsoussmassa.com\/\" target=\"_blank\" rel=\"noreferrer noopener\">https:\/\/www.explore-agadirsoussmassa.com<\/a>&nbsp;is possible without you having to reveal your identity or any other information of a personal nature concerning you.<\/p>\n\n\n\n<p>Regarding the nominative information that you would have to communicate to us, you have a right of access and rectification in accordance with Moroccan law.<\/p>\n\n\n\n<p>The collection of this information is necessary to respond to your requests for information, to make an appointment and to send you, where applicable, an electronic newsletter.<\/p>\n\n\n\n<p>We would like to point out to you that in order to offer you ever more suitable products and services, certain non-personal information relating to your activity on this site will be collected automatically.<\/p>\n\n\n\n<p>4- HYPERTEXT LINKS<\/p>\n\n\n\n<p>In any event, the Soci\u00e9t\u00e9 de D\u00e9veloppement Touristique Souss Massa &#8211; SDR SA is in no way responsible for the content or the products or services offered on the sites to which the site&nbsp;<a href=\"https:\/\/www.explore-agadirsoussmassa.com\/\" target=\"_blank\" rel=\"noreferrer noopener\">https:\/\/www.explore-agadirsoussmassa.com<\/a>&nbsp;would be linked by hypertext links or any other type of link.<\/p>\n\n\n\n<p>The site&nbsp;<a href=\"https:\/\/www.explore-agadirsoussmassa.com\/\" target=\"_blank\" rel=\"noreferrer noopener\">https:\/\/www.explore-agadirsoussmassa.com<\/a>&nbsp;contains a number of hypertext links to other sites, set up with the authorization of the Soci\u00e9t\u00e9 de D\u00e9veloppement Touristique Souss Massa &#8211; SDR S.A.<\/p>\n\n\n\n<p>However, the Soci\u00e9t\u00e9 de D\u00e9veloppement Touristique Souss Massa &#8211; SDR S.A does not have the possibility to verify the content of the sites thus visited, and will therefore not assume any responsibility for this fact.<\/p>\n\n\n\n<p>5- APPLICABLE LAW<\/p>\n\n\n\n<p>The website&nbsp;<a href=\"https:\/\/www.explore-agadirsoussmassa.com\/\" target=\"_blank\" rel=\"noreferrer noopener\">https:\/\/www.explore-agadirsoussmassa.com<\/a>&nbsp;and these general conditions are subject to Moroccan law and are written in French.<\/p>\n\n\n\n<p>6- LIMITATION OF LIABILITY<\/p>\n\n\n\n<p>You use the site&nbsp;<a href=\"https:\/\/www.explore-agadirsoussmassa.com\/\" target=\"_blank\" rel=\"noreferrer noopener\">https:\/\/www.explore-agadirsoussmassa.com<\/a>&nbsp;under your sole and entire responsibility. The Soci\u00e9t\u00e9 de D\u00e9veloppement Touristique Souss Massa &#8211; SDR SA and the members of its network cannot be held liable for direct or indirect damage, such as, in particular, material damage, loss of data or program, financial damage, resulting from the use of this site or sites linked to it.<\/p>\n\n\n\n<p>You must, therefore, ensure that the law of the country from which you are connecting allows consultation of the site&nbsp;<a href=\"https:\/\/www.explore-agadirsoussmassa.com\/\" target=\"_blank\" rel=\"noreferrer noopener\">https:\/\/www.explore-agadirsoussmassa.com<\/a><\/p>\n\n\n\n<p>7- UPDATE<\/p>\n\n\n\n<p>The Soci\u00e9t\u00e9 de D\u00e9veloppement Touristique Souss Massa &#8211; SDR S.A reserves the right to modify and update, without notice, these General Conditions and all the elements, products or services presented on the site.<\/p>\n\n\n\n<p>All of these modifications are binding on Internet users who must consult these General Conditions each time they log on.<\/p>\n\n\n\n<p>The website cannot be held responsible for material damage related to the use of the site. In addition, the user of the site agrees to access the site using recent equipment, which does not contain viruses and with an up-to-date latest generation browser.<\/p>\n\n\n\n<p>The site&nbsp;<a href=\"https:\/\/www.explore-agadirsoussmassa.com\/\" target=\"_blank\" rel=\"noreferrer noopener\">https:\/\/www.explore-agadirsoussmassa.com<\/a>&nbsp;is intended for the personal information of Internet users who use it. Access and use of this site are subject to these \u201cgeneral conditions\u201d detailed below as well as to applicable laws.<\/p>\n\n\n\n<p>Connection and access to the site https: \/\/<a href=\"http:\/\/www.explore-agadirsoussmassa.com\/\" target=\"_blank\" rel=\"noreferrer noopener\">www.explore-agadirsoussmassa.com<\/a>&nbsp;implies the full and unreserved acceptance of the user<\/p>\n\n\n\n<p><\/p>\n","protected":false},"excerpt":{"rendered":"<div class=\"post-excerpt\">Site Owner : Public limited company with a share capital of twenty-one million five hundred thousand dirhams (21,500,000 Dh), registered in the Agadir trade register, number 39225 Design and production&hellip;<\/div>\n<div class=\"post-more\"><a href=\"https:\/\/explore-agadirsoussmassa.com\/en\/mentions-legales\/\" class=\"button button-primary button-effect\"><span>View Post<\/span><span><i class=\"cs-icon cs-icon-arrow-right\"><\/i><\/span><\/a><\/div>\n","protected":false},"author":1,"featured_media":0,"parent":0,"menu_order":0,"comment_status":"closed","ping_status":"closed","template":"","meta":{"_acf_changed":false,"footnotes":""},"categories":[],"tags":[],"class_list":["post-36075","page","type-page","status-publish"],"acf":[],"yoast_head":"<!-- This site is optimized with the Yoast SEO plugin v25.0 - https:\/\/yoast.com\/wordpress\/plugins\/seo\/ -->\n<title>Legal Notice - Explore Agadir Souss Massa<\/title>\n<meta name=\"robots\" content=\"index, follow, max-snippet:-1, max-image-preview:large, max-video-preview:-1\" \/>\n<link rel=\"canonical\" href=\"https:\/\/explore-agadirsoussmassa.com\/en\/mentions-legales\/\" \/>\n<meta property=\"og:locale\" content=\"en_US\" \/>\n<meta property=\"og:type\" content=\"article\" \/>\n<meta property=\"og:title\" content=\"Legal Notice - Explore Agadir Souss Massa\" \/>\n<meta property=\"og:description\" content=\"Site Owner : Public limited company with a share capital of twenty-one million five hundred thousand dirhams (21,500,000 Dh), registered in the Agadir trade register, number 39225 Design and production&hellip;View Post\" \/>\n<meta property=\"og:url\" content=\"https:\/\/explore-agadirsoussmassa.com\/en\/mentions-legales\/\" \/>\n<meta property=\"og:site_name\" content=\"Explore Agadir Souss Massa\" \/>\n<meta property=\"article:publisher\" content=\"https:\/\/www.facebook.com\/Explore-Souss-Massa-111659480353930\" \/>\n<meta property=\"article:modified_time\" content=\"2020-10-16T15:32:44+00:00\" \/>\n<meta name=\"twitter:card\" content=\"summary_large_image\" \/>\n<meta name=\"twitter:label1\" content=\"Est. reading time\" \/>\n\t<meta name=\"twitter:data1\" content=\"4 minutes\" \/>\n<script type=\"application\/ld+json\" class=\"yoast-schema-graph\">{\"@context\":\"https:\/\/schema.org\",\"@graph\":[{\"@type\":\"WebPage\",\"@id\":\"https:\/\/explore-agadirsoussmassa.com\/en\/mentions-legales\/\",\"url\":\"https:\/\/explore-agadirsoussmassa.com\/en\/mentions-legales\/\",\"name\":\"Legal Notice - Explore Agadir Souss Massa\",\"isPartOf\":{\"@id\":\"https:\/\/explore-agadirsoussmassa.com\/en\/#website\"},\"datePublished\":\"2019-10-24T08:35:58+00:00\",\"dateModified\":\"2020-10-16T15:32:44+00:00\",\"breadcrumb\":{\"@id\":\"https:\/\/explore-agadirsoussmassa.com\/en\/mentions-legales\/#breadcrumb\"},\"inLanguage\":\"en-US\",\"potentialAction\":[{\"@type\":\"ReadAction\",\"target\":[\"https:\/\/explore-agadirsoussmassa.com\/en\/mentions-legales\/\"]}]},{\"@type\":\"BreadcrumbList\",\"@id\":\"https:\/\/explore-agadirsoussmassa.com\/en\/mentions-legales\/#breadcrumb\",\"itemListElement\":[{\"@type\":\"ListItem\",\"position\":1,\"name\":\"Accueil\",\"item\":\"https:\/\/explore-agadirsoussmassa.com\/en\/\"},{\"@type\":\"ListItem\",\"position\":2,\"name\":\"Legal Notice\"}]},{\"@type\":\"WebSite\",\"@id\":\"https:\/\/explore-agadirsoussmassa.com\/en\/#website\",\"url\":\"https:\/\/explore-agadirsoussmassa.com\/en\/\",\"name\":\"Explore Agadir Souss Massa\",\"description\":\"R\u00e9gion Souss Massa\",\"publisher\":{\"@id\":\"https:\/\/explore-agadirsoussmassa.com\/en\/#organization\"},\"potentialAction\":[{\"@type\":\"SearchAction\",\"target\":{\"@type\":\"EntryPoint\",\"urlTemplate\":\"https:\/\/explore-agadirsoussmassa.com\/en\/?s={search_term_string}\"},\"query-input\":{\"@type\":\"PropertyValueSpecification\",\"valueRequired\":true,\"valueName\":\"search_term_string\"}}],\"inLanguage\":\"en-US\"},{\"@type\":\"Organization\",\"@id\":\"https:\/\/explore-agadirsoussmassa.com\/en\/#organization\",\"name\":\"SDR Tourisme Souss Massa\",\"url\":\"https:\/\/explore-agadirsoussmassa.com\/en\/\",\"logo\":{\"@type\":\"ImageObject\",\"inLanguage\":\"en-US\",\"@id\":\"https:\/\/explore-agadirsoussmassa.com\/en\/#\/schema\/logo\/image\/\",\"url\":\"https:\/\/zt88dgbrixj.preview.infomaniak.website\/wp-content\/uploads\/2020\/08\/logo-sdr.png\",\"contentUrl\":\"https:\/\/zt88dgbrixj.preview.infomaniak.website\/wp-content\/uploads\/2020\/08\/logo-sdr.png\",\"width\":404,\"height\":286,\"caption\":\"SDR Tourisme Souss Massa\"},\"image\":{\"@id\":\"https:\/\/explore-agadirsoussmassa.com\/en\/#\/schema\/logo\/image\/\"},\"sameAs\":[\"https:\/\/www.facebook.com\/Explore-Souss-Massa-111659480353930\",\"https:\/\/www.instagram.com\/exploresoussmassamorocco\/\",\"https:\/\/www.youtube.com\/channel\/UCpSGZAsRRpG40CeT3UcIcOA\/videos\"]}]}<\/script>\n<!-- \/ Yoast SEO plugin. -->","yoast_head_json":{"title":"Legal Notice - Explore Agadir Souss Massa","robots":{"index":"index","follow":"follow","max-snippet":"max-snippet:-1","max-image-preview":"max-image-preview:large","max-video-preview":"max-video-preview:-1"},"canonical":"https:\/\/explore-agadirsoussmassa.com\/en\/mentions-legales\/","og_locale":"en_US","og_type":"article","og_title":"Legal Notice - Explore Agadir Souss Massa","og_description":"Site Owner : Public limited company with a share capital of twenty-one million five hundred thousand dirhams (21,500,000 Dh), registered in the Agadir trade register, number 39225 Design and production&hellip;View Post","og_url":"https:\/\/explore-agadirsoussmassa.com\/en\/mentions-legales\/","og_site_name":"Explore Agadir Souss Massa","article_publisher":"https:\/\/www.facebook.com\/Explore-Souss-Massa-111659480353930","article_modified_time":"2020-10-16T15:32:44+00:00","twitter_card":"summary_large_image","twitter_misc":{"Est. reading time":"4 minutes"},"schema":{"@context":"https:\/\/schema.org","@graph":[{"@type":"WebPage","@id":"https:\/\/explore-agadirsoussmassa.com\/en\/mentions-legales\/","url":"https:\/\/explore-agadirsoussmassa.com\/en\/mentions-legales\/","name":"Legal Notice - Explore Agadir Souss Massa","isPartOf":{"@id":"https:\/\/explore-agadirsoussmassa.com\/en\/#website"},"datePublished":"2019-10-24T08:35:58+00:00","dateModified":"2020-10-16T15:32:44+00:00","breadcrumb":{"@id":"https:\/\/explore-agadirsoussmassa.com\/en\/mentions-legales\/#breadcrumb"},"inLanguage":"en-US","potentialAction":[{"@type":"ReadAction","target":["https:\/\/explore-agadirsoussmassa.com\/en\/mentions-legales\/"]}]},{"@type":"BreadcrumbList","@id":"https:\/\/explore-agadirsoussmassa.com\/en\/mentions-legales\/#breadcrumb","itemListElement":[{"@type":"ListItem","position":1,"name":"Accueil","item":"https:\/\/explore-agadirsoussmassa.com\/en\/"},{"@type":"ListItem","position":2,"name":"Legal Notice"}]},{"@type":"WebSite","@id":"https:\/\/explore-agadirsoussmassa.com\/en\/#website","url":"https:\/\/explore-agadirsoussmassa.com\/en\/","name":"Explore Agadir Souss Massa","description":"R\u00e9gion Souss Massa","publisher":{"@id":"https:\/\/explore-agadirsoussmassa.com\/en\/#organization"},"potentialAction":[{"@type":"SearchAction","target":{"@type":"EntryPoint","urlTemplate":"https:\/\/explore-agadirsoussmassa.com\/en\/?s={search_term_string}"},"query-input":{"@type":"PropertyValueSpecification","valueRequired":true,"valueName":"search_term_string"}}],"inLanguage":"en-US"},{"@type":"Organization","@id":"https:\/\/explore-agadirsoussmassa.com\/en\/#organization","name":"SDR Tourisme Souss Massa","url":"https:\/\/explore-agadirsoussmassa.com\/en\/","logo":{"@type":"ImageObject","inLanguage":"en-US","@id":"https:\/\/explore-agadirsoussmassa.com\/en\/#\/schema\/logo\/image\/","url":"https:\/\/zt88dgbrixj.preview.infomaniak.website\/wp-content\/uploads\/2020\/08\/logo-sdr.png","contentUrl":"https:\/\/zt88dgbrixj.preview.infomaniak.website\/wp-content\/uploads\/2020\/08\/logo-sdr.png","width":404,"height":286,"caption":"SDR Tourisme Souss Massa"},"image":{"@id":"https:\/\/explore-agadirsoussmassa.com\/en\/#\/schema\/logo\/image\/"},"sameAs":["https:\/\/www.facebook.com\/Explore-Souss-Massa-111659480353930","https:\/\/www.instagram.com\/exploresoussmassamorocco\/","https:\/\/www.youtube.com\/channel\/UCpSGZAsRRpG40CeT3UcIcOA\/videos"]}]}},"_links":{"self":[{"href":"https:\/\/explore-agadirsoussmassa.com\/en\/wp-json\/wp\/v2\/pages\/36075","targetHints":{"allow":["GET"]}}],"collection":[{"href":"https:\/\/explore-agadirsoussmassa.com\/en\/wp-json\/wp\/v2\/pages"}],"about":[{"href":"https:\/\/explore-agadirsoussmassa.com\/en\/wp-json\/wp\/v2\/types\/page"}],"author":[{"embeddable":true,"href":"https:\/\/explore-agadirsoussmassa.com\/en\/wp-json\/wp\/v2\/users\/1"}],"replies":[{"embeddable":true,"href":"https:\/\/explore-agadirsoussmassa.com\/en\/wp-json\/wp\/v2\/comments?post=36075"}],"version-history":[{"count":4,"href":"https:\/\/explore-agadirsoussmassa.com\/en\/wp-json\/wp\/v2\/pages\/36075\/revisions"}],"predecessor-version":[{"id":40115,"href":"https:\/\/explore-agadirsoussmassa.com\/en\/wp-json\/wp\/v2\/pages\/36075\/revisions\/40115"}],"wp:attachment":[{"href":"https:\/\/explore-agadirsoussmassa.com\/en\/wp-json\/wp\/v2\/media?parent=36075"}],"wp:term":[{"taxonomy":"category","embeddable":true,"href":"https:\/\/explore-agadirsoussmassa.com\/en\/wp-json\/wp\/v2\/categories?post=36075"},{"taxonomy":"post_tag","embeddable":true,"href":"https:\/\/explore-agadirsoussmassa.com\/en\/wp-json\/wp\/v2\/tags?post=36075"}],"curies":[{"name":"wp","href":"https:\/\/api.w.org\/{rel}","templated":true}]}}