{"id":36077,"date":"2019-10-24T10:35:58","date_gmt":"2019-10-24T08:35:58","guid":{"rendered":"https:\/\/explore-agadirsoussmassa.com\/mentions-legales\/"},"modified":"2020-10-20T19:58:12","modified_gmt":"2020-10-20T17:58:12","slug":"mentions-legales","status":"publish","type":"page","link":"https:\/\/explore-agadirsoussmassa.com\/es\/mentions-legales\/","title":{"rendered":"Aviso legal &#8211; condiciones generales"},"content":{"rendered":"\n<p><strong>Propietario del sitio web :\u00a0<\/strong><\/p>\n\n\n\n<p>Soci\u00e9t\u00e9 de D\u00e9veloppement Touristique Souss Massa &#8211; SDR S.A, cuya oficina central se encuentra en Immeuble Dar Al Mohami II, 2do piso A208, Haut Founty &#8211; Agadir.&nbsp; Sociedad an\u00f3nima con un capital social de veinti\u00fan millones quinientos mil dirhams (21.500.000 Dh), inscrita en el registro mercantil de Agadir con el n\u00famero 39225&nbsp;<\/p>\n\n\n\n<p><strong>Agencia de contenidos y web :<\/strong> Netik \/ Arnaud Saint-Sup\u00e9ry<\/p>\n\n\n\n<p><strong>Alojamiento de p\u00e1ginas web : <\/strong><\/p>\n\n\n\n<p>\u2026\u2026\u2026\u2026.\u00a0\u2026\u2026\u2026\u2026.\u00a0\u2026\u2026\u2026\u2026.\u00a0\u2026\u2026\u2026\u2026.\u00a0<\/p>\n\n\n\n<p>1-&nbsp;&nbsp; DERECHOS DE PROPIEDAD INTELECTUAL Queda prohibida cualquier reproducci\u00f3n, representaci\u00f3n, uso, adaptaci\u00f3n, modificaci\u00f3n, incorporaci\u00f3n, traducci\u00f3n, comercializaci\u00f3n, parcial o completa por cualquier proceso y en cualquier medio (papel, digital, etc.) sin la autorizaci\u00f3n previa y por escrito de la Soci\u00e9t\u00e9 de D\u00e9veloppement Touristique Souss Massa &#8211; SDR S.A<\/p>\n\n\n\n<p>2-&nbsp;&nbsp; INFORMACI\u00d3N RELATIVA A PRODUCTOS Y SERVICIOS<\/p>\n\n\n\n<p>La informaci\u00f3n y las ilustraciones que aparecen en las p\u00e1ginas de este sitio web se basan en las caracter\u00edsticas t\u00e9cnicas vigentes en el momento en que las distintas p\u00e1ginas del sitio se pusieron en l\u00ednea o cuando se actualizaron las distintas p\u00e1ginas del sitio.&nbsp; Como parte de una pol\u00edtica de mejora constante del producto, la Soci\u00e9t\u00e9 de D\u00e9veloppement Touristique Souss Massa &#8211; SDR S.A podr\u00e1 modificar las caracter\u00edsticas t\u00e9cnicas y tecnol\u00f3gicas de sus productos y servicios en cualquier momento.&nbsp; En cualquier caso, la informaci\u00f3n contenida en este sitio es informaci\u00f3n de car\u00e1cter general y no tiene valor contractual.&nbsp;<\/p>\n\n\n\n<p>3-&nbsp;&nbsp; PROTECCI\u00d3N DE DATOS PERSONALES La consulta del sitio https:\/\/www.explore-agadirsoussmassa.com es posible sin que tenga que revelar su identidad o cualquier otra informaci\u00f3n de car\u00e1cter personal que le concierna.&nbsp; En cuanto a la informaci\u00f3n nominativa que tendr\u00eda que comunicarnos, tiene derecho de acceso y rectificaci\u00f3n de acuerdo con la ley marroqu\u00ed.&nbsp; La recogida de esta informaci\u00f3n es necesaria para dar respuesta a sus solicitudes de informaci\u00f3n, concertar una cita y enviarle, en su caso, un bolet\u00edn electr\u00f3nico.&nbsp; Nos gustar\u00eda se\u00f1alar que para ofrecerle productos y servicios cada vez m\u00e1s adecuados, se recopilar\u00e1 autom\u00e1ticamente cierta informaci\u00f3n no personal relacionada con su actividad en este sitio.&nbsp;<\/p>\n\n\n\n<p>4-&nbsp;&nbsp; ENLACES DE HIPERTEXTO En cualquier caso, la Soci\u00e9t\u00e9 de D\u00e9veloppement Touristique Souss Massa &#8211; SDR SA no es de ninguna manera responsable por el contenido o los productos o servicios ofrecidos en los sitios a los que el sitio https:\/\/www.explore-agadirsoussmassa.com estar\u00eda enlazado mediante enlaces de hipertexto o cualquier otro tipo de enlace.&nbsp; El sitio https:\/\/www.explore-agadirsoussmassa.com contiene una serie de enlaces de hipertexto a otros sitios, creados con la autorizaci\u00f3n de la Soci\u00e9t\u00e9 de D\u00e9veloppement Touristique Souss Massa &#8211; SDR S.A.&nbsp; Sin embargo, la Soci\u00e9t\u00e9 de D\u00e9veloppement Touristique Souss Massa &#8211; SDR S.A no tiene la posibilidad de verificar el contenido de los sitios visitados, por lo que no asumir\u00e1 ninguna responsabilidad por este hecho.<\/p>\n\n\n\n<p>5-&nbsp;&nbsp; LEY APLICABLE<\/p>\n\n\n\n<p>El sitio web https:\/\/www.explore-agadirsoussmassa.com y estas condiciones generales est\u00e1n sujetos a la ley marroqu\u00ed y est\u00e1n redactados en franc\u00e9s.&nbsp;<\/p>\n\n\n\n<p>6-&nbsp;&nbsp; LIMITACI\u00d3N DE RESPONSABILIDAD<\/p>\n\n\n\n<p>Usted har\u00e1 uso del sitio https:\/\/www.explore-agadirsoussmassa.com bajo su \u00fanica y completa responsabilidad. La Soci\u00e9t\u00e9 de D\u00e9veloppement Touristique Souss Massa &#8211; SDR SA y los miembros de su red no se hacen responsables de los da\u00f1os directos o indirectos, como, en particular, da\u00f1os materiales, p\u00e9rdida de datos o programa, da\u00f1os econ\u00f3micos, resultantes de la uso de este sitio o sitios vinculados a \u00e9l.&nbsp; Por lo tanto, debe asegurarse de que la ley del pa\u00eds desde el que se conecta permita la consulta del sitio https:\/\/www.explore-agadirsoussmassa.com&nbsp;<\/p>\n\n\n\n<p>7- ACTUALIZAR La Soci\u00e9t\u00e9 de D\u00e9veloppement Touristique Souss Massa &#8211; SDR S.A se reserva el derecho de modificar y actualizar, sin previo aviso, estas Condiciones Generales y todos los elementos, productos o servicios presentados en el sitio.&nbsp; Todos estos cambios son vinculantes para los usuarios de Internet que deben consultar estas Condiciones Generales cada vez que se conecten.&nbsp; El sitio web no se hace responsable de los da\u00f1os materiales relacionados con el uso del sitio. Adem\u00e1s, el usuario del sitio se compromete a acceder al sitio utilizando equipos recientes, que no contienen virus y con un navegador actualizado de \u00faltima generaci\u00f3n.&nbsp; El sitio https:\/\/www.explore-agadirsoussmassa.com est\u00e1 destinado a la informaci\u00f3n personal de los usuarios de Internet que lo utilizan. El acceso y uso de este sitio est\u00e1n sujetos a estas \u00abcondiciones generales\u00bb que se detallan a continuaci\u00f3n, as\u00ed como a las leyes aplicables.&nbsp; La conexi\u00f3n y acceso al sitio https: \/\/www.explore-agadirsoussmassa.com implica la aceptaci\u00f3n plena y sin reservas por parte del usuario de todas las disposiciones de estas condiciones generales.<\/p>\n\n\n\n<p><\/p>\n","protected":false},"excerpt":{"rendered":"<div class=\"post-excerpt\">Propietario del sitio web :\u00a0 Soci\u00e9t\u00e9 de D\u00e9veloppement Touristique Souss Massa &#8211; SDR S.A, cuya oficina central se encuentra en Immeuble Dar Al Mohami II, 2do piso A208, Haut Founty&hellip;<\/div>\n<div class=\"post-more\"><a href=\"https:\/\/explore-agadirsoussmassa.com\/es\/mentions-legales\/\" class=\"button button-primary button-effect\"><span>Ver detalle<\/span><span><i class=\"cs-icon cs-icon-arrow-right\"><\/i><\/span><\/a><\/div>\n","protected":false},"author":1,"featured_media":0,"parent":0,"menu_order":0,"comment_status":"closed","ping_status":"closed","template":"","meta":{"_acf_changed":false,"footnotes":""},"categories":[],"tags":[],"class_list":["post-36077","page","type-page","status-publish"],"acf":[],"yoast_head":"<!-- This site is optimized with the Yoast SEO plugin v25.0 - https:\/\/yoast.com\/wordpress\/plugins\/seo\/ -->\n<title>Aviso legal - condiciones generales - Explore Agadir Souss Massa<\/title>\n<meta name=\"robots\" content=\"index, follow, max-snippet:-1, max-image-preview:large, max-video-preview:-1\" \/>\n<link rel=\"canonical\" href=\"https:\/\/explore-agadirsoussmassa.com\/es\/mentions-legales\/\" \/>\n<meta property=\"og:locale\" content=\"es_ES\" \/>\n<meta property=\"og:type\" content=\"article\" \/>\n<meta property=\"og:title\" content=\"Aviso legal - condiciones generales - Explore Agadir Souss Massa\" \/>\n<meta property=\"og:description\" content=\"Propietario del sitio web :\u00a0 Soci\u00e9t\u00e9 de D\u00e9veloppement Touristique Souss Massa &#8211; SDR S.A, cuya oficina central se encuentra en Immeuble Dar Al Mohami II, 2do piso A208, Haut Founty&hellip;Ver detalle\" \/>\n<meta property=\"og:url\" content=\"https:\/\/explore-agadirsoussmassa.com\/es\/mentions-legales\/\" \/>\n<meta property=\"og:site_name\" content=\"Explore Agadir Souss Massa\" \/>\n<meta property=\"article:publisher\" content=\"https:\/\/www.facebook.com\/Explore-Souss-Massa-111659480353930\" \/>\n<meta property=\"article:modified_time\" content=\"2020-10-20T17:58:12+00:00\" \/>\n<meta name=\"twitter:card\" content=\"summary_large_image\" \/>\n<meta name=\"twitter:label1\" content=\"Tiempo de lectura\" \/>\n\t<meta name=\"twitter:data1\" content=\"4 minutos\" \/>\n<script type=\"application\/ld+json\" class=\"yoast-schema-graph\">{\"@context\":\"https:\/\/schema.org\",\"@graph\":[{\"@type\":\"WebPage\",\"@id\":\"https:\/\/explore-agadirsoussmassa.com\/es\/mentions-legales\/\",\"url\":\"https:\/\/explore-agadirsoussmassa.com\/es\/mentions-legales\/\",\"name\":\"Aviso legal - condiciones generales - Explore Agadir Souss Massa\",\"isPartOf\":{\"@id\":\"https:\/\/explore-agadirsoussmassa.com\/es\/#website\"},\"datePublished\":\"2019-10-24T08:35:58+00:00\",\"dateModified\":\"2020-10-20T17:58:12+00:00\",\"breadcrumb\":{\"@id\":\"https:\/\/explore-agadirsoussmassa.com\/es\/mentions-legales\/#breadcrumb\"},\"inLanguage\":\"es\",\"potentialAction\":[{\"@type\":\"ReadAction\",\"target\":[\"https:\/\/explore-agadirsoussmassa.com\/es\/mentions-legales\/\"]}]},{\"@type\":\"BreadcrumbList\",\"@id\":\"https:\/\/explore-agadirsoussmassa.com\/es\/mentions-legales\/#breadcrumb\",\"itemListElement\":[{\"@type\":\"ListItem\",\"position\":1,\"name\":\"Accueil\",\"item\":\"https:\/\/explore-agadirsoussmassa.com\/es\/\"},{\"@type\":\"ListItem\",\"position\":2,\"name\":\"Aviso legal &#8211; condiciones generales\"}]},{\"@type\":\"WebSite\",\"@id\":\"https:\/\/explore-agadirsoussmassa.com\/es\/#website\",\"url\":\"https:\/\/explore-agadirsoussmassa.com\/es\/\",\"name\":\"Explore Agadir Souss Massa\",\"description\":\"R\u00e9gion Souss Massa\",\"publisher\":{\"@id\":\"https:\/\/explore-agadirsoussmassa.com\/es\/#organization\"},\"potentialAction\":[{\"@type\":\"SearchAction\",\"target\":{\"@type\":\"EntryPoint\",\"urlTemplate\":\"https:\/\/explore-agadirsoussmassa.com\/es\/?s={search_term_string}\"},\"query-input\":{\"@type\":\"PropertyValueSpecification\",\"valueRequired\":true,\"valueName\":\"search_term_string\"}}],\"inLanguage\":\"es\"},{\"@type\":\"Organization\",\"@id\":\"https:\/\/explore-agadirsoussmassa.com\/es\/#organization\",\"name\":\"SDR Tourisme Souss Massa\",\"url\":\"https:\/\/explore-agadirsoussmassa.com\/es\/\",\"logo\":{\"@type\":\"ImageObject\",\"inLanguage\":\"es\",\"@id\":\"https:\/\/explore-agadirsoussmassa.com\/es\/#\/schema\/logo\/image\/\",\"url\":\"https:\/\/zt88dgbrixj.preview.infomaniak.website\/wp-content\/uploads\/2020\/08\/logo-sdr.png\",\"contentUrl\":\"https:\/\/zt88dgbrixj.preview.infomaniak.website\/wp-content\/uploads\/2020\/08\/logo-sdr.png\",\"width\":404,\"height\":286,\"caption\":\"SDR Tourisme Souss Massa\"},\"image\":{\"@id\":\"https:\/\/explore-agadirsoussmassa.com\/es\/#\/schema\/logo\/image\/\"},\"sameAs\":[\"https:\/\/www.facebook.com\/Explore-Souss-Massa-111659480353930\",\"https:\/\/www.instagram.com\/exploresoussmassamorocco\/\",\"https:\/\/www.youtube.com\/channel\/UCpSGZAsRRpG40CeT3UcIcOA\/videos\"]}]}<\/script>\n<!-- \/ Yoast SEO plugin. -->","yoast_head_json":{"title":"Aviso legal - condiciones generales - Explore Agadir Souss Massa","robots":{"index":"index","follow":"follow","max-snippet":"max-snippet:-1","max-image-preview":"max-image-preview:large","max-video-preview":"max-video-preview:-1"},"canonical":"https:\/\/explore-agadirsoussmassa.com\/es\/mentions-legales\/","og_locale":"es_ES","og_type":"article","og_title":"Aviso legal - condiciones generales - Explore Agadir Souss Massa","og_description":"Propietario del sitio web :\u00a0 Soci\u00e9t\u00e9 de D\u00e9veloppement Touristique Souss Massa &#8211; SDR S.A, cuya oficina central se encuentra en Immeuble Dar Al Mohami II, 2do piso A208, Haut Founty&hellip;Ver detalle","og_url":"https:\/\/explore-agadirsoussmassa.com\/es\/mentions-legales\/","og_site_name":"Explore Agadir Souss Massa","article_publisher":"https:\/\/www.facebook.com\/Explore-Souss-Massa-111659480353930","article_modified_time":"2020-10-20T17:58:12+00:00","twitter_card":"summary_large_image","twitter_misc":{"Tiempo de lectura":"4 minutos"},"schema":{"@context":"https:\/\/schema.org","@graph":[{"@type":"WebPage","@id":"https:\/\/explore-agadirsoussmassa.com\/es\/mentions-legales\/","url":"https:\/\/explore-agadirsoussmassa.com\/es\/mentions-legales\/","name":"Aviso legal - condiciones generales - Explore Agadir Souss Massa","isPartOf":{"@id":"https:\/\/explore-agadirsoussmassa.com\/es\/#website"},"datePublished":"2019-10-24T08:35:58+00:00","dateModified":"2020-10-20T17:58:12+00:00","breadcrumb":{"@id":"https:\/\/explore-agadirsoussmassa.com\/es\/mentions-legales\/#breadcrumb"},"inLanguage":"es","potentialAction":[{"@type":"ReadAction","target":["https:\/\/explore-agadirsoussmassa.com\/es\/mentions-legales\/"]}]},{"@type":"BreadcrumbList","@id":"https:\/\/explore-agadirsoussmassa.com\/es\/mentions-legales\/#breadcrumb","itemListElement":[{"@type":"ListItem","position":1,"name":"Accueil","item":"https:\/\/explore-agadirsoussmassa.com\/es\/"},{"@type":"ListItem","position":2,"name":"Aviso legal &#8211; condiciones generales"}]},{"@type":"WebSite","@id":"https:\/\/explore-agadirsoussmassa.com\/es\/#website","url":"https:\/\/explore-agadirsoussmassa.com\/es\/","name":"Explore Agadir Souss Massa","description":"R\u00e9gion Souss Massa","publisher":{"@id":"https:\/\/explore-agadirsoussmassa.com\/es\/#organization"},"potentialAction":[{"@type":"SearchAction","target":{"@type":"EntryPoint","urlTemplate":"https:\/\/explore-agadirsoussmassa.com\/es\/?s={search_term_string}"},"query-input":{"@type":"PropertyValueSpecification","valueRequired":true,"valueName":"search_term_string"}}],"inLanguage":"es"},{"@type":"Organization","@id":"https:\/\/explore-agadirsoussmassa.com\/es\/#organization","name":"SDR Tourisme Souss Massa","url":"https:\/\/explore-agadirsoussmassa.com\/es\/","logo":{"@type":"ImageObject","inLanguage":"es","@id":"https:\/\/explore-agadirsoussmassa.com\/es\/#\/schema\/logo\/image\/","url":"https:\/\/zt88dgbrixj.preview.infomaniak.website\/wp-content\/uploads\/2020\/08\/logo-sdr.png","contentUrl":"https:\/\/zt88dgbrixj.preview.infomaniak.website\/wp-content\/uploads\/2020\/08\/logo-sdr.png","width":404,"height":286,"caption":"SDR Tourisme Souss Massa"},"image":{"@id":"https:\/\/explore-agadirsoussmassa.com\/es\/#\/schema\/logo\/image\/"},"sameAs":["https:\/\/www.facebook.com\/Explore-Souss-Massa-111659480353930","https:\/\/www.instagram.com\/exploresoussmassamorocco\/","https:\/\/www.youtube.com\/channel\/UCpSGZAsRRpG40CeT3UcIcOA\/videos"]}]}},"_links":{"self":[{"href":"https:\/\/explore-agadirsoussmassa.com\/es\/wp-json\/wp\/v2\/pages\/36077","targetHints":{"allow":["GET"]}}],"collection":[{"href":"https:\/\/explore-agadirsoussmassa.com\/es\/wp-json\/wp\/v2\/pages"}],"about":[{"href":"https:\/\/explore-agadirsoussmassa.com\/es\/wp-json\/wp\/v2\/types\/page"}],"author":[{"embeddable":true,"href":"https:\/\/explore-agadirsoussmassa.com\/es\/wp-json\/wp\/v2\/users\/1"}],"replies":[{"embeddable":true,"href":"https:\/\/explore-agadirsoussmassa.com\/es\/wp-json\/wp\/v2\/comments?post=36077"}],"version-history":[{"count":2,"href":"https:\/\/explore-agadirsoussmassa.com\/es\/wp-json\/wp\/v2\/pages\/36077\/revisions"}],"predecessor-version":[{"id":40625,"href":"https:\/\/explore-agadirsoussmassa.com\/es\/wp-json\/wp\/v2\/pages\/36077\/revisions\/40625"}],"wp:attachment":[{"href":"https:\/\/explore-agadirsoussmassa.com\/es\/wp-json\/wp\/v2\/media?parent=36077"}],"wp:term":[{"taxonomy":"category","embeddable":true,"href":"https:\/\/explore-agadirsoussmassa.com\/es\/wp-json\/wp\/v2\/categories?post=36077"},{"taxonomy":"post_tag","embeddable":true,"href":"https:\/\/explore-agadirsoussmassa.com\/es\/wp-json\/wp\/v2\/tags?post=36077"}],"curies":[{"name":"wp","href":"https:\/\/api.w.org\/{rel}","templated":true}]}}